{"id":23529,"date":"2025-09-12T10:40:34","date_gmt":"2025-09-12T08:40:34","guid":{"rendered":"https:\/\/www.asta-lueneburg.de\/?page_id=23529"},"modified":"2026-01-14T10:42:48","modified_gmt":"2026-01-14T09:42:48","slug":"ment2be-mentoringprogramm-fuer-studierende-mit-beeintraechtigungen","status":"publish","type":"page","link":"https:\/\/www.asta-lueneburg.de\/en\/service\/ment2be-mentoringprogramm-fuer-studierende-mit-beeintraechtigungen\/","title":{"rendered":"Mentoring f\u00fcr Studierende mit Beeintr\u00e4chtigung | Ment2be"},"content":{"rendered":"\n<p><strong>Dein Mentoring-Programm f\u00fcr einen erfolgreichen Studienstart mit Beeintr\u00e4chtigung<\/strong><\/p>\n\n\n\n<div class=\"wp-block-group\"><div class=\"wp-block-group__inner-container is-layout-constrained wp-block-group-is-layout-constrained\">\n\n\n<div class=\"wp-block-group\"><div class=\"wp-block-group__inner-container is-layout-constrained wp-block-group-is-layout-constrained\">\n<p><strong>\u00dcber das Projekt<\/strong>:<\/p>\n\n\n\n<p><strong><strong>Leichter Studieren mit Ment2be<\/strong><\/strong><\/p>\n<\/div><\/div>\n\n\n\n<p>Unser Mentoring-Programm begleitet Erstsemester mit k\u00f6rperlichen, chronischen, psychischen Beeintr\u00e4chtigungen oder Neurodivergenz in den Studienalltag. Im Tandem mit erfahrenen Studierenden findest du Orientierung, l\u00f6sungsorientierten Austausch und ein starkes Netzwerk.<\/p>\n\n\n\n<p><strong><strong><strong>Dein Weg zu mehr Leichtigkeit im Studium<\/strong><\/strong><\/strong><\/p>\n\n\n\n<p>Der Einstieg an der Uni kann herausfordernd sein \u2013 besonders, wenn zus\u00e4tzliche H\u00fcrden zu meistern sind. Bei Ment2be bilden wir Tandems aus Studienanf\u00e4nger*innen (Mentees) und erfahrenen Studierenden (Mentor*innen). Im vertrauensvollen Austausch erh\u00e4ltst du praxiserprobte Tipps zu Themen wie Lernorganisation, Pr\u00fcfungsvorbereitung oder der Balance zwischen Studienalltag und Pausen. Gemeinsam macht ihr das Uni-Leben zug\u00e4nglicher.<\/p>\n\n\n\n<p><strong>Mehr als nur Tandems: Unsere Community<\/strong><\/p>\n\n\n\n<p>Unser Programm lebt vom Miteinander. Neben den 1:1-Tandems schaffen wir regelm\u00e4\u00dfige Treffpunkte:<\/p>\n\n\n\n<ul class=\"wp-block-list\">\n<li><strong>W\u00f6chentlicher Stammtisch:<\/strong> Zum lockeren Austausch und Netzwerken. Aktuell Montags von 17:30 bis 18:30 Uhr im WoZi.<\/li>\n\n\n\n<li><strong>Co-Working Sessions:<\/strong> F\u00fcr konzentriertes gemeinsames Lernen in motivierender Atmosph\u00e4re. Aktuell Montags von 16:30 Uhr bis 17:30 Uhr im MuFuZi.<\/li>\n\n\n\n<li><strong>Themen-Workshops:<\/strong> Wir erarbeiten gemeinsam Strategien f\u00fcr spezifische Herausforderungen.<\/li>\n<\/ul>\n\n\n\n<p>Du gestaltest mit! Deine Ideen und W\u00fcnsche sind gefragt, um das Programm f\u00fcr alle weiterzuentwickeln.<\/p>\n\n\n\n<p><strong>F\u00fcr Mentees: Finde deine Ansprechperson &amp; dein Netzwerk<\/strong><\/p>\n\n\n\n<p>Du suchst eine Person, die deine Situation versteht? Bei Ment2be triffst du auf Menschen mit \u00e4hnlichen Erfahrungen. Unsere Mentor:innen k\u00f6nnen dir nicht nur wertvolle Tipps geben, sondern auch ein Gef\u00fchl der Verbundenheit und Vorbereitung auf m\u00f6gliche Herausforderungen vermitteln. Hier findest du eine Anlaufstelle, die dich unterst\u00fctzt und st\u00e4rkt.<\/p>\n<\/div><\/div>\n\n\n\n<div style=\"height:100px\" aria-hidden=\"true\" class=\"wp-block-spacer\"><\/div>\n\n\n\n<div class=\"wp-block-group\"><div class=\"wp-block-group__inner-container is-layout-constrained wp-block-group-is-layout-constrained\">\n<p><strong><strong>F\u00fcr Mentor:innen: Werde Vorbild &amp; gewinne wertvolle Erfahrungen<\/strong><\/strong><\/p>\n\n\n\n<p>Du hast deine eigenen Strategien f\u00fcr ein erfolgreiches Studium mit Beeintr\u00e4chtigung entwickelt? Teile dein Wissen und werde zur wichtigen St\u00fctze f\u00fcr Studienanf\u00e4nger*innen bzw. Erstis! Als Mentor:in schenkst du nicht nur Orientierung, sondern profitierst selbst:<\/p>\n\n\n\n<div class=\"wp-block-group\"><div class=\"wp-block-group__inner-container is-layout-constrained wp-block-group-is-layout-constrained\">\n<p><strong>W\u00f6chentlicher Stammtisch:<\/strong> Zum lockeren Austausch und Netzwerken.<\/p>\n\n\n\n<div class=\"wp-block-group\"><div class=\"wp-block-group__inner-container is-layout-constrained wp-block-group-is-layout-constrained\">\n<ul class=\"wp-block-list\">\n<li>Werde Teil einer unterst\u00fctzenden Community und tausche dich bei unseren Veranstaltungen aus.<\/li>\n\n\n\n<li>Reflektiere und festige dein eigenes Wissen.<\/li>\n\n\n\n<li>Wachse in einer verantwortungsvollen Rolle.<\/li>\n<\/ul>\n\n\n\n<p><strong>Aktuelle Termine &amp; Veranstaltungen<\/strong><\/p>\n\n\n\n<ul class=\"wp-block-list\">\n<li><strong>Co-Working Session:<\/strong> Raum und Zeit f\u00fcr gemeinsames Lernen (Details folgen nach Raumzusage).<\/li>\n\n\n\n<li><strong>Stammtisch:<\/strong> Unser w\u00f6chentliches Treffen zum Netzwerken (Details folgen nach Raumzusage).<\/li>\n<\/ul>\n\n\n\n<p><strong>Projektzeitraum: Oktober 2025 \u2013 Dezember 2026<\/strong><\/p>\n\n\n\n<p><strong>Das Team hinter Ment2be<\/strong><br>Unser Herzst\u00fcck sind vier studentische Hilfskr\u00e4fte sowie Beate Friedrich vom Gleichstellungsb\u00fcro. Ehrenamtlich unterst\u00fctzt wird das Projekt durch das AStA-Referat <strong>ARChIPEL<\/strong>. Gemeinsam setzen wir uns daf\u00fcr ein, Barrieren abzubauen und ein inklusives Studienumfeld zu f\u00f6rdern.<\/p>\n\n\n\n<p><strong>Starte jetzt durch mit Ment2be \u2013 gemeinsam meistern wir dein Studium!<\/strong><\/p>\n<\/div><\/div>\n<\/div><\/div>\n<\/div><\/div>\n\n\n\n<p><\/p>\n","protected":false},"excerpt":{"rendered":"<p>Dein Mentoring-Programm f\u00fcr einen erfolgreichen Studienstart mit Beeintr\u00e4chtigung \u00dcber das Projekt: Leichter Studieren mit Ment2be Unser Mentoring-Programm begleitet Erstsemester mit k\u00f6rperlichen, chronischen, psychischen Beeintr\u00e4chtigungen oder Neurodivergenz in den Studienalltag. Im Tandem mit erfahrenen Studierenden findest du&#46;&#46;&#46;<\/p>\n","protected":false},"author":52,"featured_media":0,"parent":117,"menu_order":0,"comment_status":"closed","ping_status":"closed","template":"","meta":{"_lmt_disableupdate":"","_lmt_disable":"","ngg_post_thumbnail":0,"footnotes":""},"class_list":["post-23529","page","type-page","status-publish","hentry"],"jetpack_sharing_enabled":true,"_links":{"self":[{"href":"https:\/\/www.asta-lueneburg.de\/en\/wp-json\/wp\/v2\/pages\/23529","targetHints":{"allow":["GET"]}}],"collection":[{"href":"https:\/\/www.asta-lueneburg.de\/en\/wp-json\/wp\/v2\/pages"}],"about":[{"href":"https:\/\/www.asta-lueneburg.de\/en\/wp-json\/wp\/v2\/types\/page"}],"author":[{"embeddable":true,"href":"https:\/\/www.asta-lueneburg.de\/en\/wp-json\/wp\/v2\/users\/52"}],"replies":[{"embeddable":true,"href":"https:\/\/www.asta-lueneburg.de\/en\/wp-json\/wp\/v2\/comments?post=23529"}],"version-history":[{"count":2,"href":"https:\/\/www.asta-lueneburg.de\/en\/wp-json\/wp\/v2\/pages\/23529\/revisions"}],"predecessor-version":[{"id":24360,"href":"https:\/\/www.asta-lueneburg.de\/en\/wp-json\/wp\/v2\/pages\/23529\/revisions\/24360"}],"up":[{"embeddable":true,"href":"https:\/\/www.asta-lueneburg.de\/en\/wp-json\/wp\/v2\/pages\/117"}],"wp:attachment":[{"href":"https:\/\/www.asta-lueneburg.de\/en\/wp-json\/wp\/v2\/media?parent=23529"}],"curies":[{"name":"wp","href":"https:\/\/api.w.org\/{rel}","templated":true}]}}