{"id":22634,"date":"2025-06-22T12:02:59","date_gmt":"2025-06-22T10:02:59","guid":{"rendered":"https:\/\/www.asta-lueneburg.de\/?page_id=22634"},"modified":"2025-07-04T08:34:14","modified_gmt":"2025-07-04T06:34:14","slug":"22634-2","status":"publish","type":"page","link":"https:\/\/www.asta-lueneburg.de\/en\/22634-2\/","title":{"rendered":"Reservierungsformular test"},"content":{"rendered":"\n<p>Liebes Theater Referat, das hier ist ein Test f\u00fcr euer Reservierungsplugin. Bitte probiert mal bis <strong>04.07. &#8211; 15:00<\/strong> euch Karten f\u00fcr unterschiedliche Tage zu reservieren (und merkt euch wann und wie viele), dann schicke ich euch danach die Tabelle und ihr k\u00f6nnt checken, ob das alles gestimmt hat.<\/p>\n\n\n\n<p>Danke euch f\u00fcrs Mittesten! Liebe Gr\u00fc\u00dfe, eure Leonie<\/p>\n\n\n\n<p>[ticket_reservierung]<\/p>\n","protected":false},"excerpt":{"rendered":"<p>Liebes Theater Referat, das hier ist ein Test f\u00fcr euer Reservierungsplugin. Bitte probiert mal bis 04.07. &#8211; 15:00 euch Karten f\u00fcr unterschiedliche Tage zu reservieren (und merkt euch wann und wie viele), dann schicke ich euch&#46;&#46;&#46;<\/p>\n","protected":false},"author":1,"featured_media":0,"parent":0,"menu_order":0,"comment_status":"closed","ping_status":"closed","template":"","meta":{"_lmt_disableupdate":"","_lmt_disable":"","ngg_post_thumbnail":0,"footnotes":""},"class_list":["post-22634","page","type-page","status-publish","hentry"],"jetpack_sharing_enabled":true,"_links":{"self":[{"href":"https:\/\/www.asta-lueneburg.de\/en\/wp-json\/wp\/v2\/pages\/22634","targetHints":{"allow":["GET"]}}],"collection":[{"href":"https:\/\/www.asta-lueneburg.de\/en\/wp-json\/wp\/v2\/pages"}],"about":[{"href":"https:\/\/www.asta-lueneburg.de\/en\/wp-json\/wp\/v2\/types\/page"}],"author":[{"embeddable":true,"href":"https:\/\/www.asta-lueneburg.de\/en\/wp-json\/wp\/v2\/users\/1"}],"replies":[{"embeddable":true,"href":"https:\/\/www.asta-lueneburg.de\/en\/wp-json\/wp\/v2\/comments?post=22634"}],"version-history":[{"count":0,"href":"https:\/\/www.asta-lueneburg.de\/en\/wp-json\/wp\/v2\/pages\/22634\/revisions"}],"wp:attachment":[{"href":"https:\/\/www.asta-lueneburg.de\/en\/wp-json\/wp\/v2\/media?parent=22634"}],"curies":[{"name":"wp","href":"https:\/\/api.w.org\/{rel}","templated":true}]}}